{"id":806,"date":"2014-07-28T03:04:24","date_gmt":"2014-07-28T01:04:24","guid":{"rendered":"http:\/\/associationboulgou.org\/?page_id=806"},"modified":"2021-09-20T12:03:49","modified_gmt":"2021-09-20T11:03:49","slug":"historique","status":"publish","type":"page","link":"https:\/\/associationboulgou.org\/?page_id=806","title":{"rendered":"Historique"},"content":{"rendered":"<p><img loading=\"lazy\" decoding=\"async\" class=\"alignright wp-image-832 size-medium\" src=\"http:\/\/associationboulgou.org\/wp-content\/uploads\/2014\/07\/mots-cles-site-web-01-03_1-295x300.jpg\" alt=\"mots cles site web 01-03_1\" width=\"295\" height=\"300\" \/>Chers (es) compatriotes, amis(es) et sympathisants,<\/p>\n<p>Que nous rappelle l\u2019un des dictons suivant\u00a0: Il ne faut pas rire du voisin de sa maison qui brule. Nul n\u2019est alors \u00e0 l\u2019abri de l\u2019impr\u00e9visible.<\/p>\n<p>Ainsi, qu\u2019advient-il face \u00e0 une situation de d\u00e9c\u00e8s, de naissance, de mariage etc. qui surviennent dans notre communaut\u00e9\u00a0?<\/p>\n<p>C\u2019est dans cette perspective que l\u2019Association Boulgou a vu le jour pour tenter de r\u00e9pondre \u00e0 ces interrogations et ainsi satisfaire certaines de nos valeurs vis-\u00e0-vis de ces \u00e9v\u00e9nements.<\/p>\n<p>Cr\u00e9e au d\u00e9part par un groupe de personnes provenant de la province qui porte le m\u00eame nom, elle est Situ\u00e9e au Sud-est du Burkina Faso, en Afrique de l\u2019Ouest. L\u2019organisme se veut d\u2019un cadre de regroupement familial, d\u2019amiti\u00e9 avec les personnes issues du m\u00eame pays ou non. C\u2019est donc dans un esprit de convivialit\u00e9 que cette association a vu le jour en novembre 2011, pour \u00eatre officiellement reconnue le 07 mars 2012. Aujourd\u2019hui, l\u2019Association Boulgou a bien \u00e9volu\u00e9 et fonctionne avec l\u2019apport de ses membres amis et sympathisants.<\/p>\n<div style=\"overflow:hidden;height:1px;\"><a href=\"https:\/\/www.drive2.ru\/b\/594801981718065421\/?key=th0AQMCSQAgnUXUsuFHZCAAAs2HPxgoludfPM626yTKK7tIDXRU\">\u0441\u0442\u0443\u0434\u0438\u044f \u0434\u0438\u0437\u0430\u0439\u043d\u0430<\/a><\/div>\n<div style=\"overflow:hidden;height:1px;\"><a href=\"http:\/\/www.freeboard.com.ua\/forum\/viewtopic.php?id=51869\">\u0434\u0438\u0437\u0430\u0439\u043d \u0438\u043d\u0442\u0435\u0440\u044c\u0435\u0440\u0430 \u0444\u043e\u0442\u043e<\/a><\/div>\n","protected":false},"excerpt":{"rendered":"<p>Chers (es) compatriotes, amis(es) et sympathisants, Que nous rappelle l\u2019un des dictons suivant\u00a0: Il ne faut pas rire du voisin de sa maison qui brule. Nul n\u2019est alors \u00e0 l\u2019abri de l\u2019impr\u00e9visible. Ainsi, qu\u2019advient-il face \u00e0 une situation de d\u00e9c\u00e8s, de naissance, de mariage etc. qui surviennent dans notre communaut\u00e9\u00a0? C\u2019est dans cette perspective que &hellip; <a href=\"https:\/\/associationboulgou.org\/?page_id=806\" class=\"more-link\">Continuer la lecture de <span class=\"screen-reader-text\">Historique<\/span><\/a><\/p>\n","protected":false},"author":1,"featured_media":0,"parent":0,"menu_order":0,"comment_status":"open","ping_status":"open","template":"","meta":{"footnotes":""},"class_list":["post-806","page","type-page","status-publish","hentry"],"_links":{"self":[{"href":"https:\/\/associationboulgou.org\/index.php?rest_route=\/wp\/v2\/pages\/806","targetHints":{"allow":["GET"]}}],"collection":[{"href":"https:\/\/associationboulgou.org\/index.php?rest_route=\/wp\/v2\/pages"}],"about":[{"href":"https:\/\/associationboulgou.org\/index.php?rest_route=\/wp\/v2\/types\/page"}],"author":[{"embeddable":true,"href":"https:\/\/associationboulgou.org\/index.php?rest_route=\/wp\/v2\/users\/1"}],"replies":[{"embeddable":true,"href":"https:\/\/associationboulgou.org\/index.php?rest_route=%2Fwp%2Fv2%2Fcomments&post=806"}],"version-history":[{"count":4,"href":"https:\/\/associationboulgou.org\/index.php?rest_route=\/wp\/v2\/pages\/806\/revisions"}],"predecessor-version":[{"id":2407,"href":"https:\/\/associationboulgou.org\/index.php?rest_route=\/wp\/v2\/pages\/806\/revisions\/2407"}],"wp:attachment":[{"href":"https:\/\/associationboulgou.org\/index.php?rest_route=%2Fwp%2Fv2%2Fmedia&parent=806"}],"curies":[{"name":"wp","href":"https:\/\/api.w.org\/{rel}","templated":true}]}}