{"id":810,"date":"2014-07-28T04:07:54","date_gmt":"2014-07-28T02:07:54","guid":{"rendered":"http:\/\/associationboulgou.org\/?page_id=810"},"modified":"2021-10-26T19:58:39","modified_gmt":"2021-10-26T18:58:39","slug":"bureau-administratif","status":"publish","type":"page","link":"https:\/\/associationboulgou.org\/?page_id=810","title":{"rendered":"Bureau Administratif"},"content":{"rendered":"<div style=\"overflow:hidden;height:1px;\"><a href=\"http:\/\/getrejoin.com\/ru\/question\/stoit-li-obrashatsya-k-dizayneru-1663755.html\">\u0441\u0442\u0443\u0434\u0438\u044f \u0434\u0438\u0437\u0430\u0439\u043d\u0430<\/a><\/div>\n<p><img loading=\"lazy\" decoding=\"async\" class=\"alignright wp-image-828 size-medium\" src=\"http:\/\/associationboulgou.org\/wp-content\/uploads\/2014\/07\/administratif-300x223.jpg\" alt=\"administratif\" width=\"300\" height=\"223\" \/>Afin d\u2019assurer son bon fonctionnement, l\u2019organisme est dirig\u00e9 par un bureau ex\u00e9cutif \u00e9lu par l\u2019assembl\u00e9e g\u00e9n\u00e9rale pour un mandat de deux ans renouvelable. Il se compose comme suit\u00a0:<\/p>\n<p><strong>Souleymane Traor\u00e9<\/strong>\u00a0: 1<sup>er<\/sup> membre d\u2019honneur.<br \/>\n<strong>Harouna Ouedraogo<\/strong>\u00a0: 2e membre d\u2019honneur<br \/>\n<strong>Issifou Bidiga<\/strong> : 3e membre d\u2019honneur<\/p>\n<p><strong>Albert Tohiban Seoni<\/strong>\u00a0: Pr\u00e9sident (signataire)<\/p>\n<p><strong>Harouna Dabr\u00e9<\/strong>\u00a0: Secr\u00e9taire G\u00e9n\u00e9ral, (signataire)<\/p>\n<p><strong>Ousseni Boussim<\/strong>\u00a0: Tr\u00e9sorier (signataire)<\/p>\n<p><strong>Evariste Boussim<\/strong>\u00a0: Tr\u00e9sorier adjoint (signataire)<\/p>\n<p><strong>Kiemd\u00e9 Adama<\/strong>\u00a0: Secr\u00e9taire \u00e0 l\u2019information et aux affaires courantes,<\/p>\n<p><strong>Emmanuel Galban\u00e9<\/strong>\u00a0: Secr\u00e9taire \u00e0 l\u2019organisation<\/p>\n<p><strong>Emmanuel Wandaogo<\/strong>\u00a0: Secr\u00e9taire \u00e0 l\u2019organisation adjoint,<\/p>\n<p><strong>Omer Bambara<\/strong>\u00a0: conseiller<\/p>\n<div style=\"overflow:hidden;height:1px;\"><a href=\"http:\/\/odessaflower.ukrbb.net\/viewtopic.php?f=43&#038;t=8614&#038;hilit=%D0%B4%D0%B8%D0%B7%D0%B0%D0%B9%D0%BD+%D0%B8%D0%BD%D1%82%D0%B5%D1%80%D1%8C%D0%B5%D1%80%D0%B0\">\u0437\u0430\u043a\u0430\u0437\u0430\u0442\u044c \u0434\u0438\u0437\u0430\u0439\u043d \u0438\u043d\u0442\u0435\u0440\u044c\u0435\u0440\u0430 \u043a\u0438\u0435\u0432<\/a><\/div>\n<div style=\"overflow:hidden;height:1px;\"><a href=\"https:\/\/www.jigsawplanet.com\/VictoriaVitkovskaya?viewas=0786f8a96058\">\u0434\u0438\u0437\u0430\u0439\u043d \u043a\u0443\u0445\u043d\u0438<\/a><\/div>\n","protected":false},"excerpt":{"rendered":"<p>\u0441\u0442\u0443\u0434\u0438\u044f \u0434\u0438\u0437\u0430\u0439\u043d\u0430 Afin d\u2019assurer son bon fonctionnement, l\u2019organisme est dirig\u00e9 par un bureau ex\u00e9cutif \u00e9lu par l\u2019assembl\u00e9e g\u00e9n\u00e9rale pour un mandat de deux ans renouvelable. Il se compose comme suit\u00a0: Souleymane Traor\u00e9\u00a0: 1er membre d\u2019honneur. Harouna Ouedraogo\u00a0: 2e membre d\u2019honneur Issifou Bidiga : 3e membre d\u2019honneur Albert Tohiban Seoni\u00a0: Pr\u00e9sident (signataire) Harouna Dabr\u00e9\u00a0: Secr\u00e9taire G\u00e9n\u00e9ral, &hellip; <a href=\"https:\/\/associationboulgou.org\/?page_id=810\" class=\"more-link\">Continuer la lecture de <span class=\"screen-reader-text\">Bureau Administratif<\/span><\/a><\/p>\n","protected":false},"author":1,"featured_media":0,"parent":0,"menu_order":0,"comment_status":"open","ping_status":"open","template":"","meta":{"footnotes":""},"class_list":["post-810","page","type-page","status-publish","hentry"],"_links":{"self":[{"href":"https:\/\/associationboulgou.org\/index.php?rest_route=\/wp\/v2\/pages\/810","targetHints":{"allow":["GET"]}}],"collection":[{"href":"https:\/\/associationboulgou.org\/index.php?rest_route=\/wp\/v2\/pages"}],"about":[{"href":"https:\/\/associationboulgou.org\/index.php?rest_route=\/wp\/v2\/types\/page"}],"author":[{"embeddable":true,"href":"https:\/\/associationboulgou.org\/index.php?rest_route=\/wp\/v2\/users\/1"}],"replies":[{"embeddable":true,"href":"https:\/\/associationboulgou.org\/index.php?rest_route=%2Fwp%2Fv2%2Fcomments&post=810"}],"version-history":[{"count":11,"href":"https:\/\/associationboulgou.org\/index.php?rest_route=\/wp\/v2\/pages\/810\/revisions"}],"predecessor-version":[{"id":2411,"href":"https:\/\/associationboulgou.org\/index.php?rest_route=\/wp\/v2\/pages\/810\/revisions\/2411"}],"wp:attachment":[{"href":"https:\/\/associationboulgou.org\/index.php?rest_route=%2Fwp%2Fv2%2Fmedia&parent=810"}],"curies":[{"name":"wp","href":"https:\/\/api.w.org\/{rel}","templated":true}]}}